{"id":22,"date":"2023-03-13T18:59:49","date_gmt":"2023-03-13T18:59:49","guid":{"rendered":"https:\/\/elchangonavamuel.com\/elchangonavamuel\/?page_id=22"},"modified":"2023-03-13T21:37:38","modified_gmt":"2023-03-13T21:37:38","slug":"resena","status":"publish","type":"page","link":"https:\/\/elchangonavamuel.com\/elchangonavamuel\/index.php\/resena\/","title":{"rendered":"Rese\u00f1a"},"content":{"rendered":"<h1>Te Realizo Tu P\u00e1gina a Medida!!!!!<\/h1>\n<p>En el enlace de abajo puedes ver la Rese\u00f1a y Descargarla<\/p>\n<p><a href=\"https:\/\/elchangonavamuel.com\/elchangonavamuel\/wp-content\/uploads\/2023\/03\/Resena-Artistica-del-Chango-Navamuel.docx\">Rese\u00f1a Art\u00edstica del Chango Navamuel<\/a><\/p>\n<p>Rese\u00f1a Art\u00edstica del Chango Navamuel<\/p>\n<p>El Chango Navamuel (Esteban Sanz Navamuel) naci\u00f3 en la ciudad de Salta, un 8 de diciembre de 1.972. Comienza a dar sus primeros pasos en la m\u00fasica, en todos los coros de los colegios donde realiz\u00f3 sus estudios primarios y secundarios&#8230; A los 13 a\u00f1os de edad comenz\u00f3 su contacto con la guitarra, siempre dentro del seno familiar y sin profesores. Su vida hasta los 23 a\u00f1os se desarroll\u00f3 en el campo ..siempre hasta hoy conserva un est\u00edlo sumamente Folkl\u00f3rico tradicional del norte argentino. A los 17 a\u00f1os de edad conforma un conjunto junto a 4 amigos donde tuvo diversas actuaciones en colegios y en Radio Nacional Salta (Aire\/AM). Jam\u00e1s dej\u00f3 de lado su gran pasi\u00f3n por el canto y su amor por la m\u00fasica. Con profundo dolor no pudo iniciar su carrera profesional por cuestiones laborales, pero si tuvo la oportunidad de estudiar 3 a\u00f1os de Facultad la carrera de Inform\u00e1tica y m\u00e1s adelante veremos que con esos conocimientos se destacar\u00eda como difusor Cultural&#8230;.. Reci\u00e9n en el a\u00f1o 2.014 inicia su carrera profesional en el Paraje Torzalito\/Guemes\/Salta\/Argentina&#8230; &#8211; Act\u00faa en todos los festivales solidarios invitado por la direcci\u00f3n de Cultura del Departamento de Guemes. &#8211; Recibe 5 menciones de Honor por sus actuaciones. &#8211; Ingresa por pedido de la Cultura de la Provincia de Salta a la Embajada Cultural Provincial para representar al Departamento de Guemes Primero, y particip\u00f3 en varias actuaciones y es incorporado a la Embajada Cultural de La Provincia de Salta para representar ya a La Provincia. &#8211; Graba su primer Cd &#8221; Sencillito Nomas &#8221; (Nombre que elije por su sencilla personalidad) se Puede escucharlo en este Enlace : Escuchar On-Line al Chango Esteban Sanz Navamuel &#8211; Es invitado a Todos los medios mas importantes del Departamento y de la Provincia. &#8211; REaliza actuaciones en la Provincia de San Juan, Tucum\u00e1n&#8230;. &#8211; En menos de un a\u00f1o ya presenta su 2\u00ba Cd que ven\u00eda preparando bien termin\u00f3 el 1\u00aa..Se puede escucharlo en el siguiente Link : Escuchar On-Line al Chango Esteban Sanz Navamuel &#8211; Es invitado personalmente por el cantor Consagrado en Argentina &#8220;El Chaque\u00f1o Palavecino&#8221; a actuar en un festival Tri-Partito donde se reunen grandes art\u00edstas de 3 paises : Bolivia, Paraguay y Argentina. &#8211; Una destacada Radio Peruana lo toma como Art\u00edsta Exclusivo, llamada RadioFolkPeru, &#8211; Por Su gran aceptaci\u00f3n desde Peru, una Pagina de Descargas de materiales gratu\u00edtamente le propone colocar sus cd\u00b4s en la Pagina. Cabe destacar que esta pagina contiene 16.000.000 de seguidores y m\u00e1s de 4.000 cd\u00b4s para descargar. &#8211; Los cd\u00b4s estuvieron 3 meses entre los 4 mas descargados de esta pagina que posee seguidores de todo el mundo, Raz\u00f3n que lo oblig\u00f3 a retirarlos y ubicarlos en todas las plataformas digitales. &#8211; Esta experiencia lo marc\u00f3 para siempre a comenzar una carrera paralela como difusor, por sentir que sus colegas no conocen de la importancia de estas experiencias y contin\u00faa hasta hoy como difusor, provincial, nacional e internacional&#8230;.. &#8211; Todos los temas adem\u00e1s de estar en todas las PLataformas est\u00e1n en plataformas de Escuchas y\/o Descargas mas importantes&#8230;..<\/p>\n<p>Trabajo de Difusi\u00f3n de El Chango Esteban Sanz Navamuel<\/p>\n<p>Como se coment\u00f3 anteriormente El Chango Navamuel tuvo la dicha de adquirir conocimientos b\u00e1sicos en inform\u00e1tica y la experiencia adquirida desde Peru, lo llev\u00f3 a estudiar el manejo de las P\u00e1ginas Web\u00b4s y se centr\u00f3 hasta hoy en la confecci\u00f3n de ellas, siempre con un claro prop\u00f3sito : Mostrar a los artistas de la mejor posible&#8230;. Desarroll\u00f3 2 paginas de Descargas Gratu\u00edtas de materiales que permiten a los usuarios escuchar, Descargar el material con o sin ocupar memoria, pero le agreg\u00f3 para cada art\u00edsta su pr\u00f3pia pagina que contiene todo lo referente al art\u00edsta, su Rese\u00f1a, sus Contactos, su cd<\/p>\n<p>digital, sus videos, etc. Estas p\u00e1ginas que trabajan como un todo lograron en 7 meses la descargas de m\u00e1s de 20.000 cd\u00b4s de art\u00edstas independientes y por todo el mundo.<\/p>\n<p>Cabe aclarar que NINGUNA de las Paginas abon\u00f3 NADA, s\u00f3lo se realizaron con fines Culturales, tras entender claramente que los Art\u00edstas NO TIENEN , NI DEBEN SABER DE INFORMATICA. &#8211; Actualmente es colaborador en Difusi\u00f3n con Emisora Guardabosques de Don Ricardo Salaberry, aportando confecci\u00f3nes de Videos de sus Entrevistados.. &#8211; Es Coordinador musical de un Programa que se conduce desde Sydney, por www.RadioPuntoLatinoSydney.com conducido por Edward Bugallo (Australia), el material lo prepara en Argentina, selecionando los artistas junto al conductor y lo descarga en Sydney para ser Conducido alli. &#8211; Es Propietrario de Radio Torzalito Salta Argentina &#8211; Socio Fundador de Radio Jopara pa Nea (El Chaco) Argentina Con LoloArs Avalos &#8211; Todas la Radios en las cuales se desempe\u00f1a lo hace con un \u00fanico Prop\u00f3sito MOSTRAR A LOS ARTISTAS que por diversas razones no fueron escuchados a\u00fan. &#8211; Emisora Guardabosques (Uruguay) &#8211; Socio Fundador de Radio Fantasia Musical Sydney con Radio Torzalito Argentina Radio cuya programaci\u00f3n est\u00e1 compuesta por todos los temas que pasamos desde Australia en www.RadioPuntoLatinoSydney.Com &#8211; Todas estas actividades Tienen un \u00fanico Fin : Mostrar al Artista al Mundo&#8230;. &#8211; Por pedido de muchos art\u00edstas supo desarrollar una Tienda de Ventas de Material tanto f\u00edsicos como digitales, ya disponible para todo el Mundo. Es decir sin Intervenci\u00f3n de terceros&#8230;la conformamos los mismos art\u00edstas que publicamos nuestros materiales Tienda de Ventas de Materiales &#8211; &#8211; M\u00e1s abajo se pueden observar los Premios Recibidos, y su actuaci\u00f3n como embajador a Premios Internacionales&#8230;. &#8211; Este Blog Fu\u00e9 Premiado recientemente con la distinci\u00f3n Internacional Reina del Plata 2.020 como Mejor Portal Web Art\u00edstico&#8230;. &#8211; Espero que el Portal y su Contenido sea un aporte a Nuestra Cultura que tanto amo y lo expreso en tantas p\u00e1ginas al alcance del mundo para contribuir con los art\u00edstas SIEMPRE!!!! Agradecimientos : Gracias primero a Todos los art\u00edstas que d\u00eda a d\u00eda conf\u00edan en mi Trabajo y hacen posible que pueda dar lo mejor de mi para mostrarlos de la mejor manera posible. Gracias Don Ricardo Salaberry por presentarme por primeras veces ante las diferentes organizaciones de Premios interancionales como Embajador a ellos, Responsabilidades que creo he dado lo mejor de mi para mostrar a tantos referentes de la Cultura y Todos ellos han sido premiados.. Gracias B\u00e1rbara Segui por Confiar en mi trabajo y Nombrarme Embajador para los Premios Internacionales Reina del Plata 2.020 Gracias B\u00e1rbara Segui y a la Organizaci\u00f3n por permitirme colaborar guiando a los art\u00edstas para que presenten los materiales solicitados&#8230;<\/p>\n","protected":false},"excerpt":{"rendered":"<p>Te Realizo Tu P\u00e1gina a Medida!!!!! En el enlace de abajo puedes ver la Rese\u00f1a y Descargarla Rese\u00f1a Art\u00edstica del Chango Navamuel Rese\u00f1a Art\u00edstica del Chango Navamuel El Chango Navamuel (Esteban Sanz Navamuel) naci\u00f3 en la ciudad de Salta, un &hellip; <a href=\"https:\/\/elchangonavamuel.com\/elchangonavamuel\/index.php\/resena\/\">Segu\u00ed leyendo <span class=\"meta-nav\">&rarr;<\/span><\/a><\/p>\n","protected":false},"author":1,"featured_media":0,"parent":0,"menu_order":0,"comment_status":"closed","ping_status":"closed","template":"","meta":{"om_disable_all_campaigns":false,"footnotes":""},"class_list":["post-22","page","type-page","status-publish","hentry"],"yoast_head":"<!-- This site is optimized with the Yoast SEO plugin v20.5 - https:\/\/yoast.com\/wordpress\/plugins\/seo\/ -->\n<title>Rese\u00f1a - El Chango Navamuel &quot;Esteban Sanz Navamuel&quot;<\/title>\n<meta name=\"robots\" content=\"index, follow, max-snippet:-1, max-image-preview:large, max-video-preview:-1\" \/>\n<link rel=\"canonical\" href=\"https:\/\/elchangonavamuel.com\/elchangonavamuel\/index.php\/resena\/\" \/>\n<meta property=\"og:locale\" content=\"es_ES\" \/>\n<meta property=\"og:type\" content=\"article\" \/>\n<meta property=\"og:title\" content=\"Rese\u00f1a - El Chango Navamuel &quot;Esteban Sanz Navamuel&quot;\" \/>\n<meta property=\"og:description\" content=\"Te Realizo Tu P\u00e1gina a Medida!!!!! En el enlace de abajo puedes ver la Rese\u00f1a y Descargarla Rese\u00f1a Art\u00edstica del Chango Navamuel Rese\u00f1a Art\u00edstica del Chango Navamuel El Chango Navamuel (Esteban Sanz Navamuel) naci\u00f3 en la ciudad de Salta, un &hellip; Segu\u00ed leyendo &rarr;\" \/>\n<meta property=\"og:url\" content=\"https:\/\/elchangonavamuel.com\/elchangonavamuel\/index.php\/resena\/\" \/>\n<meta property=\"og:site_name\" content=\"El Chango Navamuel &quot;Esteban Sanz Navamuel&quot;\" \/>\n<meta property=\"article:modified_time\" content=\"2023-03-13T21:37:38+00:00\" \/>\n<meta name=\"twitter:card\" content=\"summary_large_image\" \/>\n<meta name=\"twitter:label1\" content=\"Tiempo de lectura\" \/>\n\t<meta name=\"twitter:data1\" content=\"6 minutos\" \/>\n<script type=\"application\/ld+json\" class=\"yoast-schema-graph\">{\"@context\":\"https:\/\/schema.org\",\"@graph\":[{\"@type\":\"WebPage\",\"@id\":\"https:\/\/elchangonavamuel.com\/elchangonavamuel\/index.php\/resena\/\",\"url\":\"https:\/\/elchangonavamuel.com\/elchangonavamuel\/index.php\/resena\/\",\"name\":\"Rese\u00f1a - El Chango Navamuel &quot;Esteban Sanz Navamuel&quot;\",\"isPartOf\":{\"@id\":\"https:\/\/elchangonavamuel.com\/elchangonavamuel\/#website\"},\"datePublished\":\"2023-03-13T18:59:49+00:00\",\"dateModified\":\"2023-03-13T21:37:38+00:00\",\"breadcrumb\":{\"@id\":\"https:\/\/elchangonavamuel.com\/elchangonavamuel\/index.php\/resena\/#breadcrumb\"},\"inLanguage\":\"es-AR\",\"potentialAction\":[{\"@type\":\"ReadAction\",\"target\":[\"https:\/\/elchangonavamuel.com\/elchangonavamuel\/index.php\/resena\/\"]}]},{\"@type\":\"BreadcrumbList\",\"@id\":\"https:\/\/elchangonavamuel.com\/elchangonavamuel\/index.php\/resena\/#breadcrumb\",\"itemListElement\":[{\"@type\":\"ListItem\",\"position\":1,\"name\":\"Inicio\",\"item\":\"https:\/\/elchangonavamuel.com\/elchangonavamuel\/\"},{\"@type\":\"ListItem\",\"position\":2,\"name\":\"Rese\u00f1a\"}]},{\"@type\":\"WebSite\",\"@id\":\"https:\/\/elchangonavamuel.com\/elchangonavamuel\/#website\",\"url\":\"https:\/\/elchangonavamuel.com\/elchangonavamuel\/\",\"name\":\"El Chango Navamuel &quot;Esteban Sanz Navamuel&quot;\",\"description\":\"Art\u00edsta de Folklore Tradicional &amp; Difusor Nacional e Internacional         Programaci\u00f3n  Esteban El Chango Esteban Sanz Navamuel \",\"potentialAction\":[{\"@type\":\"SearchAction\",\"target\":{\"@type\":\"EntryPoint\",\"urlTemplate\":\"https:\/\/elchangonavamuel.com\/elchangonavamuel\/?s={search_term_string}\"},\"query-input\":\"required name=search_term_string\"}],\"inLanguage\":\"es-AR\"}]}<\/script>\n<!-- \/ Yoast SEO plugin. -->","yoast_head_json":{"title":"Rese\u00f1a - El Chango Navamuel &quot;Esteban Sanz Navamuel&quot;","robots":{"index":"index","follow":"follow","max-snippet":"max-snippet:-1","max-image-preview":"max-image-preview:large","max-video-preview":"max-video-preview:-1"},"canonical":"https:\/\/elchangonavamuel.com\/elchangonavamuel\/index.php\/resena\/","og_locale":"es_ES","og_type":"article","og_title":"Rese\u00f1a - El Chango Navamuel &quot;Esteban Sanz Navamuel&quot;","og_description":"Te Realizo Tu P\u00e1gina a Medida!!!!! En el enlace de abajo puedes ver la Rese\u00f1a y Descargarla Rese\u00f1a Art\u00edstica del Chango Navamuel Rese\u00f1a Art\u00edstica del Chango Navamuel El Chango Navamuel (Esteban Sanz Navamuel) naci\u00f3 en la ciudad de Salta, un &hellip; Segu\u00ed leyendo &rarr;","og_url":"https:\/\/elchangonavamuel.com\/elchangonavamuel\/index.php\/resena\/","og_site_name":"El Chango Navamuel &quot;Esteban Sanz Navamuel&quot;","article_modified_time":"2023-03-13T21:37:38+00:00","twitter_card":"summary_large_image","twitter_misc":{"Tiempo de lectura":"6 minutos"},"schema":{"@context":"https:\/\/schema.org","@graph":[{"@type":"WebPage","@id":"https:\/\/elchangonavamuel.com\/elchangonavamuel\/index.php\/resena\/","url":"https:\/\/elchangonavamuel.com\/elchangonavamuel\/index.php\/resena\/","name":"Rese\u00f1a - El Chango Navamuel &quot;Esteban Sanz Navamuel&quot;","isPartOf":{"@id":"https:\/\/elchangonavamuel.com\/elchangonavamuel\/#website"},"datePublished":"2023-03-13T18:59:49+00:00","dateModified":"2023-03-13T21:37:38+00:00","breadcrumb":{"@id":"https:\/\/elchangonavamuel.com\/elchangonavamuel\/index.php\/resena\/#breadcrumb"},"inLanguage":"es-AR","potentialAction":[{"@type":"ReadAction","target":["https:\/\/elchangonavamuel.com\/elchangonavamuel\/index.php\/resena\/"]}]},{"@type":"BreadcrumbList","@id":"https:\/\/elchangonavamuel.com\/elchangonavamuel\/index.php\/resena\/#breadcrumb","itemListElement":[{"@type":"ListItem","position":1,"name":"Inicio","item":"https:\/\/elchangonavamuel.com\/elchangonavamuel\/"},{"@type":"ListItem","position":2,"name":"Rese\u00f1a"}]},{"@type":"WebSite","@id":"https:\/\/elchangonavamuel.com\/elchangonavamuel\/#website","url":"https:\/\/elchangonavamuel.com\/elchangonavamuel\/","name":"El Chango Navamuel &quot;Esteban Sanz Navamuel&quot;","description":"Art\u00edsta de Folklore Tradicional &amp; Difusor Nacional e Internacional         Programaci\u00f3n  Esteban El Chango Esteban Sanz Navamuel ","potentialAction":[{"@type":"SearchAction","target":{"@type":"EntryPoint","urlTemplate":"https:\/\/elchangonavamuel.com\/elchangonavamuel\/?s={search_term_string}"},"query-input":"required name=search_term_string"}],"inLanguage":"es-AR"}]}},"_links":{"self":[{"href":"https:\/\/elchangonavamuel.com\/elchangonavamuel\/index.php\/wp-json\/wp\/v2\/pages\/22","targetHints":{"allow":["GET"]}}],"collection":[{"href":"https:\/\/elchangonavamuel.com\/elchangonavamuel\/index.php\/wp-json\/wp\/v2\/pages"}],"about":[{"href":"https:\/\/elchangonavamuel.com\/elchangonavamuel\/index.php\/wp-json\/wp\/v2\/types\/page"}],"author":[{"embeddable":true,"href":"https:\/\/elchangonavamuel.com\/elchangonavamuel\/index.php\/wp-json\/wp\/v2\/users\/1"}],"replies":[{"embeddable":true,"href":"https:\/\/elchangonavamuel.com\/elchangonavamuel\/index.php\/wp-json\/wp\/v2\/comments?post=22"}],"version-history":[{"count":4,"href":"https:\/\/elchangonavamuel.com\/elchangonavamuel\/index.php\/wp-json\/wp\/v2\/pages\/22\/revisions"}],"predecessor-version":[{"id":58,"href":"https:\/\/elchangonavamuel.com\/elchangonavamuel\/index.php\/wp-json\/wp\/v2\/pages\/22\/revisions\/58"}],"wp:attachment":[{"href":"https:\/\/elchangonavamuel.com\/elchangonavamuel\/index.php\/wp-json\/wp\/v2\/media?parent=22"}],"curies":[{"name":"wp","href":"https:\/\/api.w.org\/{rel}","templated":true}]}}