{"id":115,"date":"2023-03-14T04:36:51","date_gmt":"2023-03-14T04:36:51","guid":{"rendered":"https:\/\/elchangonavamuel.com\/elchangonavamuel\/?page_id=115"},"modified":"2023-05-01T07:45:41","modified_gmt":"2023-05-01T07:45:41","slug":"premios","status":"publish","type":"page","link":"https:\/\/elchangonavamuel.com\/elchangonavamuel\/index.php\/premios\/","title":{"rendered":"Premios"},"content":{"rendered":"\n<h5 class=\"wp-block-heading\">1.- Premio Internacional Arco de Cordoba 2.019<\/h5>\n\n\n\n<h5 class=\"wp-block-heading\">M\u00fasico, Cantante, Productor de Radio<\/h5>\n\n\n\n<h5 class=\"wp-block-heading\">2.- Premio Internacional Destaque Victoria 2.020<\/h5>\n\n\n\n<h5 class=\"wp-block-heading\">Reconocimiento al Que Hacer Social<\/h5>\n\n\n\n<h5 class=\"wp-block-heading\">3.- Premio Internacional Reina del Plata 2.020<\/h5>\n\n\n\n<h5 class=\"wp-block-heading\">Difusi\u00f3n Art\u00edstica<\/h5>\n\n\n\n<h5 class=\"wp-block-heading\">4.- Premio Internacional Reina de Plata 2.020<\/h5>\n\n\n\n<h5 class=\"wp-block-heading\">Mejor Portal Web Art\u00edstico<\/h5>\n\n\n\n<h5 class=\"wp-block-heading\">5.- Premio Internacional Destaque Victoria 2.021<\/h5>\n\n\n\n<h5 class=\"wp-block-heading\">Reconocimiento al Que Hacer Social<\/h5>\n\n\n\n<h5 class=\"wp-block-heading\">6.- Premio Internacional Euro-Americano F\u00e9nix 2.021<\/h5>\n\n\n\n<h5 class=\"wp-block-heading\">Por aporte a las Artes y a la Construcci\u00f3n de la Identidad Cultural..<\/h5>\n\n\n\n<h5 class=\"wp-block-heading\">7.- Premio Internacional Atrezzo Europa\/Am\u00e9rica 2.021<\/h5>\n\n\n\n<h5 class=\"wp-block-heading\">Portal Web Art\u00edstico Cultural<\/h5>\n\n\n\n<h5 class=\"wp-block-heading\">8.- Premio Internacional Arco de Cordoba 2.021<\/h5>\n\n\n\n<h5 class=\"wp-block-heading\">Trayectoria art\u00edstica, M\u00fasico, Cantante,Productor, Difusor Regional,Nacional e Internacional.<\/h5>\n\n\n\n<h5 class=\"wp-block-heading\">9.- Premio Internacional Reina del Plata 2.021<\/h5>\n\n\n\n<h5 class=\"wp-block-heading\">Difusi\u00f3n de Art\u00edstas<\/h5>\n\n\n\n<h5 class=\"wp-block-heading\">10.- Premio Internacional Reina del Plata 2.021<\/h5>\n\n\n\n<h5 class=\"wp-block-heading\">Portal Web Art\u00edstico\/Cultural<\/h5>\n\n\n\n<h5 class=\"wp-block-heading\">11.- Premio Internacional Reina del Plata 2.021<\/h5>\n\n\n\n<h5 class=\"wp-block-heading\">Radio On Line &amp; Difusora Cultural con Radio Joparap\u00e1 Nea (Provincia del Chaco)<\/h5>\n\n\n\n<h5 class=\"wp-block-heading\">12.- Premio Internacional Atrezzo Group Am\u00e9rica\/Europa 2.022<\/h5>\n\n\n\n<h5 class=\"wp-block-heading\">Radio On Line &amp; Difusora Cultural (RadioTorzalito Salta Argentina)<\/h5>\n\n\n\n<h5 class=\"wp-block-heading\">13.- Premio Nacional E Internacional &#8221; Arco de Cordoba 2.023 &#8220;<\/h5>\n","protected":false},"excerpt":{"rendered":"<p>1.- Premio Internacional Arco de Cordoba 2.019 M\u00fasico, Cantante, Productor de Radio 2.- Premio Internacional Destaque Victoria 2.020 Reconocimiento al Que Hacer Social 3.- Premio Internacional Reina del Plata 2.020 Difusi\u00f3n Art\u00edstica 4.- Premio Internacional Reina de Plata 2.020 Mejor &hellip; <a href=\"https:\/\/elchangonavamuel.com\/elchangonavamuel\/index.php\/premios\/\">Segu\u00ed leyendo <span class=\"meta-nav\">&rarr;<\/span><\/a><\/p>\n","protected":false},"author":1,"featured_media":0,"parent":0,"menu_order":0,"comment_status":"closed","ping_status":"closed","template":"","meta":{"om_disable_all_campaigns":false,"footnotes":""},"class_list":["post-115","page","type-page","status-publish","hentry"],"yoast_head":"<!-- This site is optimized with the Yoast SEO plugin v20.5 - https:\/\/yoast.com\/wordpress\/plugins\/seo\/ -->\n<title>Premios - El Chango Navamuel &quot;Esteban Sanz Navamuel&quot;<\/title>\n<meta name=\"robots\" content=\"index, follow, max-snippet:-1, max-image-preview:large, max-video-preview:-1\" \/>\n<link rel=\"canonical\" href=\"https:\/\/elchangonavamuel.com\/elchangonavamuel\/index.php\/premios\/\" \/>\n<meta property=\"og:locale\" content=\"es_ES\" \/>\n<meta property=\"og:type\" content=\"article\" \/>\n<meta property=\"og:title\" content=\"Premios - El Chango Navamuel &quot;Esteban Sanz Navamuel&quot;\" \/>\n<meta property=\"og:description\" content=\"1.- Premio Internacional Arco de Cordoba 2.019 M\u00fasico, Cantante, Productor de Radio 2.- Premio Internacional Destaque Victoria 2.020 Reconocimiento al Que Hacer Social 3.- Premio Internacional Reina del Plata 2.020 Difusi\u00f3n Art\u00edstica 4.- Premio Internacional Reina de Plata 2.020 Mejor &hellip; Segu\u00ed leyendo &rarr;\" \/>\n<meta property=\"og:url\" content=\"https:\/\/elchangonavamuel.com\/elchangonavamuel\/index.php\/premios\/\" \/>\n<meta property=\"og:site_name\" content=\"El Chango Navamuel &quot;Esteban Sanz Navamuel&quot;\" \/>\n<meta property=\"article:modified_time\" content=\"2023-05-01T07:45:41+00:00\" \/>\n<meta name=\"twitter:card\" content=\"summary_large_image\" \/>\n<meta name=\"twitter:label1\" content=\"Tiempo de lectura\" \/>\n\t<meta name=\"twitter:data1\" content=\"1 minuto\" \/>\n<script type=\"application\/ld+json\" class=\"yoast-schema-graph\">{\"@context\":\"https:\/\/schema.org\",\"@graph\":[{\"@type\":\"WebPage\",\"@id\":\"https:\/\/elchangonavamuel.com\/elchangonavamuel\/index.php\/premios\/\",\"url\":\"https:\/\/elchangonavamuel.com\/elchangonavamuel\/index.php\/premios\/\",\"name\":\"Premios - El Chango Navamuel &quot;Esteban Sanz Navamuel&quot;\",\"isPartOf\":{\"@id\":\"https:\/\/elchangonavamuel.com\/elchangonavamuel\/#website\"},\"datePublished\":\"2023-03-14T04:36:51+00:00\",\"dateModified\":\"2023-05-01T07:45:41+00:00\",\"breadcrumb\":{\"@id\":\"https:\/\/elchangonavamuel.com\/elchangonavamuel\/index.php\/premios\/#breadcrumb\"},\"inLanguage\":\"es-AR\",\"potentialAction\":[{\"@type\":\"ReadAction\",\"target\":[\"https:\/\/elchangonavamuel.com\/elchangonavamuel\/index.php\/premios\/\"]}]},{\"@type\":\"BreadcrumbList\",\"@id\":\"https:\/\/elchangonavamuel.com\/elchangonavamuel\/index.php\/premios\/#breadcrumb\",\"itemListElement\":[{\"@type\":\"ListItem\",\"position\":1,\"name\":\"Inicio\",\"item\":\"https:\/\/elchangonavamuel.com\/elchangonavamuel\/\"},{\"@type\":\"ListItem\",\"position\":2,\"name\":\"Premios\"}]},{\"@type\":\"WebSite\",\"@id\":\"https:\/\/elchangonavamuel.com\/elchangonavamuel\/#website\",\"url\":\"https:\/\/elchangonavamuel.com\/elchangonavamuel\/\",\"name\":\"El Chango Navamuel &quot;Esteban Sanz Navamuel&quot;\",\"description\":\"Art\u00edsta de Folklore Tradicional &amp; Difusor Nacional e Internacional         Programaci\u00f3n  Esteban El Chango Esteban Sanz Navamuel \",\"potentialAction\":[{\"@type\":\"SearchAction\",\"target\":{\"@type\":\"EntryPoint\",\"urlTemplate\":\"https:\/\/elchangonavamuel.com\/elchangonavamuel\/?s={search_term_string}\"},\"query-input\":\"required name=search_term_string\"}],\"inLanguage\":\"es-AR\"}]}<\/script>\n<!-- \/ Yoast SEO plugin. -->","yoast_head_json":{"title":"Premios - El Chango Navamuel &quot;Esteban Sanz Navamuel&quot;","robots":{"index":"index","follow":"follow","max-snippet":"max-snippet:-1","max-image-preview":"max-image-preview:large","max-video-preview":"max-video-preview:-1"},"canonical":"https:\/\/elchangonavamuel.com\/elchangonavamuel\/index.php\/premios\/","og_locale":"es_ES","og_type":"article","og_title":"Premios - El Chango Navamuel &quot;Esteban Sanz Navamuel&quot;","og_description":"1.- Premio Internacional Arco de Cordoba 2.019 M\u00fasico, Cantante, Productor de Radio 2.- Premio Internacional Destaque Victoria 2.020 Reconocimiento al Que Hacer Social 3.- Premio Internacional Reina del Plata 2.020 Difusi\u00f3n Art\u00edstica 4.- Premio Internacional Reina de Plata 2.020 Mejor &hellip; Segu\u00ed leyendo &rarr;","og_url":"https:\/\/elchangonavamuel.com\/elchangonavamuel\/index.php\/premios\/","og_site_name":"El Chango Navamuel &quot;Esteban Sanz Navamuel&quot;","article_modified_time":"2023-05-01T07:45:41+00:00","twitter_card":"summary_large_image","twitter_misc":{"Tiempo de lectura":"1 minuto"},"schema":{"@context":"https:\/\/schema.org","@graph":[{"@type":"WebPage","@id":"https:\/\/elchangonavamuel.com\/elchangonavamuel\/index.php\/premios\/","url":"https:\/\/elchangonavamuel.com\/elchangonavamuel\/index.php\/premios\/","name":"Premios - El Chango Navamuel &quot;Esteban Sanz Navamuel&quot;","isPartOf":{"@id":"https:\/\/elchangonavamuel.com\/elchangonavamuel\/#website"},"datePublished":"2023-03-14T04:36:51+00:00","dateModified":"2023-05-01T07:45:41+00:00","breadcrumb":{"@id":"https:\/\/elchangonavamuel.com\/elchangonavamuel\/index.php\/premios\/#breadcrumb"},"inLanguage":"es-AR","potentialAction":[{"@type":"ReadAction","target":["https:\/\/elchangonavamuel.com\/elchangonavamuel\/index.php\/premios\/"]}]},{"@type":"BreadcrumbList","@id":"https:\/\/elchangonavamuel.com\/elchangonavamuel\/index.php\/premios\/#breadcrumb","itemListElement":[{"@type":"ListItem","position":1,"name":"Inicio","item":"https:\/\/elchangonavamuel.com\/elchangonavamuel\/"},{"@type":"ListItem","position":2,"name":"Premios"}]},{"@type":"WebSite","@id":"https:\/\/elchangonavamuel.com\/elchangonavamuel\/#website","url":"https:\/\/elchangonavamuel.com\/elchangonavamuel\/","name":"El Chango Navamuel &quot;Esteban Sanz Navamuel&quot;","description":"Art\u00edsta de Folklore Tradicional &amp; Difusor Nacional e Internacional         Programaci\u00f3n  Esteban El Chango Esteban Sanz Navamuel ","potentialAction":[{"@type":"SearchAction","target":{"@type":"EntryPoint","urlTemplate":"https:\/\/elchangonavamuel.com\/elchangonavamuel\/?s={search_term_string}"},"query-input":"required name=search_term_string"}],"inLanguage":"es-AR"}]}},"_links":{"self":[{"href":"https:\/\/elchangonavamuel.com\/elchangonavamuel\/index.php\/wp-json\/wp\/v2\/pages\/115","targetHints":{"allow":["GET"]}}],"collection":[{"href":"https:\/\/elchangonavamuel.com\/elchangonavamuel\/index.php\/wp-json\/wp\/v2\/pages"}],"about":[{"href":"https:\/\/elchangonavamuel.com\/elchangonavamuel\/index.php\/wp-json\/wp\/v2\/types\/page"}],"author":[{"embeddable":true,"href":"https:\/\/elchangonavamuel.com\/elchangonavamuel\/index.php\/wp-json\/wp\/v2\/users\/1"}],"replies":[{"embeddable":true,"href":"https:\/\/elchangonavamuel.com\/elchangonavamuel\/index.php\/wp-json\/wp\/v2\/comments?post=115"}],"version-history":[{"count":2,"href":"https:\/\/elchangonavamuel.com\/elchangonavamuel\/index.php\/wp-json\/wp\/v2\/pages\/115\/revisions"}],"predecessor-version":[{"id":343,"href":"https:\/\/elchangonavamuel.com\/elchangonavamuel\/index.php\/wp-json\/wp\/v2\/pages\/115\/revisions\/343"}],"wp:attachment":[{"href":"https:\/\/elchangonavamuel.com\/elchangonavamuel\/index.php\/wp-json\/wp\/v2\/media?parent=115"}],"curies":[{"name":"wp","href":"https:\/\/api.w.org\/{rel}","templated":true}]}}